{"id":831,"date":"2024-07-25T14:51:12","date_gmt":"2024-07-25T13:51:12","guid":{"rendered":"http:\/\/nouvousaidons.online\/?page_id=831"},"modified":"2024-08-08T19:12:42","modified_gmt":"2024-08-08T18:12:42","slug":"home-5","status":"publish","type":"page","link":"https:\/\/nouvousaidons.online\/en\/","title":{"rendered":"Home"},"content":{"rendered":"<div data-elementor-type=\"wp-page\" data-elementor-id=\"831\" class=\"elementor elementor-831\" data-elementor-post-type=\"page\">\n\t\t\t\t\t\t<section class=\"elementor-section elementor-top-section elementor-element elementor-element-a89bd89 elementor-section-full_width elementor-section-height-default elementor-section-height-default\" data-id=\"a89bd89\" data-element_type=\"section\">\n\t\t\t\t\t\t<div class=\"elementor-container elementor-column-gap-no\">\n\t\t\t\t\t<div class=\"elementor-column elementor-col-100 elementor-top-column elementor-element elementor-element-cc9e940\" data-id=\"cc9e940\" data-element_type=\"column\">\n\t\t\t<div class=\"elementor-widget-wrap elementor-element-populated\">\n\t\t\t\t\t\t<div class=\"elementor-element elementor-element-52d36be elementor-align-left elementor-widget elementor-widget-bdevs-aboutus\" data-id=\"52d36be\" data-element_type=\"widget\" data-widget_type=\"bdevs-aboutus.default\">\n\t\t\t\t<div class=\"elementor-widget-container\">\n\t\t\t   <section class=\"hero-section\">\r\n\t<style type=\"text\/css\">\r\n\t\t\t.hero-section:before {\r\n\t\t\tcontent: \"\";\r\n\t\t\tbackground: url(https:\/\/shtheme.com\/demosd\/miexwp\/wp-content\/uploads\/2022\/07\/home-1-hero-bg.png) center center\/cover no-repeat local;\r\n\t\t\twidth: 100%;\r\n\t\t\theight: 100%;\r\n\t\t\tposition: absolute;\r\n\t\t\tleft: 0;\r\n\t\t\ttop: 0;\r\n\t\t\tz-index: 1;\r\n\t\t\t}\r\n\t<\/style>\r\n            <div class=\"hero-img\">\r\n                <img decoding=\"async\" src=\"http:\/\/nouvousaidons.online\/wp-content\/uploads\/2024\/07\/diego-ph-vTitvl4O2kE-unsplash-scaled.jpg\" alt>\r\n            <\/div>\r\n            <div class=\"container\">\r\n                <div class=\"row\">\r\n                    <div class=\"col col-md-7 col-sm-8\">\r\n                        <div class=\"content\">\r\n                            <h2>Do what you are good at.<\/h2>\r\n                            <p>Do your Thing\u2026<br>\nWe support the rest!<\/p>\r\n                            <div class=\"btns\">\r\n                                <a href=\"#about\" class=\"theme-btn\">About us<\/a>\r\n                            <\/div>\r\n                        <\/div>\r\n                    <\/div>\r\n                <\/div>\r\n            <\/div>\r\n        <\/section>\r\n\t\t\t<\/div>\n\t\t\t\t<\/div>\n\t\t\t\t\t<\/div>\n\t\t<\/div>\n\t\t\t\t\t<\/div>\n\t\t<\/section>\n\t\t\t\t<section class=\"elementor-section elementor-top-section elementor-element elementor-element-25a2a4e elementor-section-full_width elementor-section-height-default elementor-section-height-default\" data-id=\"25a2a4e\" data-element_type=\"section\">\n\t\t\t\t\t\t<div class=\"elementor-container elementor-column-gap-no\">\n\t\t\t\t\t<div class=\"elementor-column elementor-col-100 elementor-top-column elementor-element elementor-element-695f976\" data-id=\"695f976\" data-element_type=\"column\">\n\t\t\t<div class=\"elementor-widget-wrap elementor-element-populated\">\n\t\t\t\t\t\t<div class=\"elementor-element elementor-element-b521b2a elementor-align-left elementor-widget elementor-widget-bdevs-company\" data-id=\"b521b2a\" data-element_type=\"widget\" data-widget_type=\"bdevs-company.default\">\n\t\t\t\t<div class=\"elementor-widget-container\">\n\t\t\t\r\n<section class=\"about-section\" id=\"about\">\r\n            <div class=\"content\">\r\n                <div class=\"left-grid\" style=\"background-image:url(http:\/\/nouvousaidons.online\/wp-content\/uploads\/2024\/07\/ben-kolde-FaPxZ88yZrw-unsplash-scaled.jpg);\"><\/div>\r\n                <div class=\"right-grid\">\r\n                    <div class=\"inner\">\r\n                        <div class=\"section-title\">\r\n                            <span>About us<\/span>\r\n                            <h2>Do what you are good at<\/h2>\r\n                        <\/div>\r\n                        <div class=\"details\">\r\n                            <p>You have your own business because you have a specific talent. You are a professional in your field. You are good at that and you enjoy doing it.\nBut as your own boss you also have to do things that you do not like. Which take a lot of time. Draining energy that you actually want to use for other things.\nThat's where we come in. Because we do the rest! We are good at that.\nEverything that costs you energy, gives us energy.<\/p>\r\n                        <\/div>\r\n                        <div class=\"video-holder\">\r\n                            <a href=\"https:\/\/www.youtube.com\/embed\/7e90gBu4pas?autoplay=1\" class=\"video-btn\" data-type=\"iframe\">\r\n                                <i class=\"fa fa-play\"><\/i>Watch video                            <\/a>\r\n                        <\/div>\r\n                    <\/div>\r\n                <\/div>\r\n            <\/div>\r\n        <\/section>\r\n\t\t\t<\/div>\n\t\t\t\t<\/div>\n\t\t\t\t\t<\/div>\n\t\t<\/div>\n\t\t\t\t\t<\/div>\n\t\t<\/section>\n\t\t\t\t<section class=\"elementor-section elementor-top-section elementor-element elementor-element-834646e elementor-section-full_width elementor-section-height-default elementor-section-height-default\" data-id=\"834646e\" data-element_type=\"section\">\n\t\t\t\t\t\t<div class=\"elementor-container elementor-column-gap-no\">\n\t\t\t\t\t<div class=\"elementor-column elementor-col-100 elementor-top-column elementor-element elementor-element-ee9d82e\" data-id=\"ee9d82e\" data-element_type=\"column\">\n\t\t\t<div class=\"elementor-widget-wrap elementor-element-populated\">\n\t\t\t\t\t\t<div class=\"elementor-element elementor-element-1cf5054 elementor-align-left elementor-widget elementor-widget-bdevs-sevices\" data-id=\"1cf5054\" data-element_type=\"widget\" data-widget_type=\"bdevs-sevices.default\">\n\t\t\t\t<div class=\"elementor-widget-container\">\n\t\t\t <!-- start services-section -->\r\n        <section class=\"services-section section-padding\" id=\"services\">\r\n            <div class=\"container\">\r\n                <div class=\"row\">\r\n                    <div class=\"col col-md-5\">\r\n                        <div class=\"section-title-s2\">\r\n                            <span>Our Services<\/span>\r\n                            <h2>What we do for you<\/h2>\r\n                        <\/div>\r\n                        <div class=\"skills\">\r\n                        \t                             <div class=\"skill\">\r\n                                <h6>Administrative support<\/h6>\r\n                                <div class=\"progress\">\r\n                                    <div class=\"progress-bar\" data-percent=\"100\"><\/div>\r\n                                <\/div>\r\n                            <\/div>\r\n                                                            <div class=\"skill\">\r\n                                <h6>IT Support<\/h6>\r\n                                <div class=\"progress\">\r\n                                    <div class=\"progress-bar\" data-percent=\"100\"><\/div>\r\n                                <\/div>\r\n                            <\/div>\r\n                                                            <div class=\"skill\">\r\n                                <h6>Bookkeeping<\/h6>\r\n                                <div class=\"progress\">\r\n                                    <div class=\"progress-bar\" data-percent=\"100\"><\/div>\r\n                                <\/div>\r\n                            <\/div>\r\n                                                        <\/div>                        \r\n                    <\/div>\r\n                    <div class=\"col col-md-7\">\r\n                        <div class=\"services-detail-text\">\r\n                            At NousvousAidons.online, we offer a wide range of services to support and grow your business. Our services are designed to be cost-effective and flexible, allowing you to focus on what you do best: developing your business. With NousvousAidons.online by your side, you can trust that your online presence is in good hands.                        <\/div>\r\n                    <\/div>\r\n                <\/div>\r\n                <div class=\"row\">\r\n                    <div class=\"col col-xs-12\">\r\n                        <div class=\"service-features-grids\">\r\n                        \t                             <div class=\"grid\">\r\n                                <div class=\"icon\">\r\n                                    <i class=\"fi flaticon-website\"><\/i>\r\n                                <\/div>\r\n                                <h3>Website construction and maintenance<\/h3>\r\n                                <p> <\/p>\r\n                            <\/div>\r\n                                                        <div class=\"grid\">\r\n                                <div class=\"icon\">\r\n                                    <i class=\"fi flaticon-photo-camera\"><\/i>\r\n                                <\/div>\r\n                                <h3>Customer Support<\/h3>\r\n                                <p> <\/p>\r\n                            <\/div>\r\n                                                        <\/div>\r\n                        <\/div>\r\n                    <\/div>\r\n                <\/div>\r\n            <\/div> <!-- end container -->\r\n        <\/section>\r\n        <!-- end services-section -->\r\n\t\t\t<\/div>\n\t\t\t\t<\/div>\n\t\t\t\t\t<\/div>\n\t\t<\/div>\n\t\t\t\t\t<\/div>\n\t\t<\/section>\n\t\t\t\t<section class=\"elementor-section elementor-top-section elementor-element elementor-element-f7f48a3 elementor-section-full_width elementor-section-height-default elementor-section-height-default\" data-id=\"f7f48a3\" data-element_type=\"section\">\n\t\t\t\t\t\t<div class=\"elementor-container elementor-column-gap-no\">\n\t\t\t\t\t<div class=\"elementor-column elementor-col-100 elementor-top-column elementor-element elementor-element-8a4930d\" data-id=\"8a4930d\" data-element_type=\"column\">\n\t\t\t<div class=\"elementor-widget-wrap elementor-element-populated\">\n\t\t\t\t\t\t<div class=\"elementor-element elementor-element-abe702f elementor-align-left elementor-widget elementor-widget-bdevs-Services-home-2\" data-id=\"abe702f\" data-element_type=\"widget\" data-widget_type=\"bdevs-Services-home-2.default\">\n\t\t\t\t<div class=\"elementor-widget-container\">\n\t\t\t  <!-- start about-section-s2 -->\r\n        <section class=\"about-section-s2 section-padding\" id=\"about\">\r\n            <div class=\"vertical-heading\">\r\n                <span><\/span>\r\n            <\/div>\r\n            <div class=\"content\">\r\n                <div class=\"left-col\">\r\n                    <div class=\"inner\">\r\n                        <div class=\"section-title-s2\">\r\n                            <h2><br>Always near you<\/h2>\r\n                            <div class=\"text\">\r\n                                <p>Wherever you are in the world, we are always close by. We work with high-speed internet so we can respond quickly. So even if we are far away, we can be called up with a mouse click.\nThis means we are always close to your customers and suppliers and can respond quickly.\n<\/p>\r\n                            <\/div>\r\n                        <\/div>\r\n\r\n                        <div class=\"features-grids\">\r\n                        \t                            <div class=\"grid\">\r\n                                <div class=\"icon\">\r\n                                    <i class=\"\"><\/i>\r\n                                <\/div>\r\n                                <div class=\"details\">\r\n                                    <h3>Global Availability<\/h3>\r\n                                    <p>Our services are always available, 24\/7, for clients worldwide. We ensure your support anytime and anywhere.<\/p>\r\n                                <\/div>\r\n                            <\/div>\r\n                                                        <div class=\"grid\">\r\n                                <div class=\"icon\">\r\n                                    <i class=\"\"><\/i>\r\n                                <\/div>\r\n                                <div class=\"details\">\r\n                                    <h3>Local Expertise, Global Approach<\/h3>\r\n                                    <p>We combine deep local knowledge with a global strategy to deliver tailored solutions that perfectly meet your needs.<\/p>\r\n                                <\/div>\r\n                            <\/div>\r\n                                                        <div class=\"grid\">\r\n                                <div class=\"icon\">\r\n                                    <i class=\"\"><\/i>\r\n                                <\/div>\r\n                                <div class=\"details\">\r\n                                    <h3>Technological Advancement<\/h3>\r\n                                    <p>We use cutting-edge technologies to deliver secure, efficient, and reliable services, no matter where you are.<\/p>\r\n                                <\/div>\r\n                            <\/div>\r\n                                                    <\/div>\r\n                    <\/div>\r\n                <\/div>\r\n                <div class=\"right-col\">\r\n                    <div class=\"img-holder\">\r\n                        <img decoding=\"async\" src=\"http:\/\/nouvousaidons.online\/wp-content\/uploads\/2024\/07\/map.png\" alt>\r\n                    <\/div>\r\n                <\/div>\r\n            <\/div> <!-- end content -->\r\n        <\/section>\r\n        <!-- end about-section-s2 -->   \r\n\t\t\t<\/div>\n\t\t\t\t<\/div>\n\t\t\t\t\t<\/div>\n\t\t<\/div>\n\t\t\t\t\t<\/div>\n\t\t<\/section>\n\t\t\t\t<section class=\"elementor-section elementor-top-section elementor-element elementor-element-7e492c2 elementor-section-full_width elementor-section-height-default elementor-section-height-default\" data-id=\"7e492c2\" data-element_type=\"section\">\n\t\t\t\t\t\t<div class=\"elementor-container elementor-column-gap-no\">\n\t\t\t\t\t<div class=\"elementor-column elementor-col-100 elementor-top-column elementor-element elementor-element-52b5052\" data-id=\"52b5052\" data-element_type=\"column\">\n\t\t\t<div class=\"elementor-widget-wrap elementor-element-populated\">\n\t\t\t\t\t\t<div class=\"elementor-element elementor-element-0dd8071 elementor-align-left elementor-widget elementor-widget-bdevs-contact-home-1\" data-id=\"0dd8071\" data-element_type=\"widget\" data-widget_type=\"bdevs-contact-home-1.default\">\n\t\t\t\t<div class=\"elementor-widget-container\">\n\t\t\t\t\t  <section class=\"contact-section section-padding\" id=\"contact\">\r\n            <div class=\"container\">\r\n                <div class=\"row\">\r\n                    <div class=\"col col-xs-12\">\r\n                        <div class=\"section-title-s3\">\r\n                            <span>CONTACT<\/span>\r\n                            <h2>Send us a Message<\/h2>\r\n                        <\/div>\r\n                    <\/div>\r\n                <\/div>    \r\n                <div class=\"row contact-form-info\">\r\n                    <div class=\"col col-md-8\">\r\n                        <div class=\"contact-form\">\r\n                                    \n<div class=\"wpcf7 no-js\" id=\"wpcf7-f7-o1\" lang=\"en-US\" dir=\"ltr\">\n<div class=\"screen-reader-response\"><p role=\"status\" aria-live=\"polite\" aria-atomic=\"true\"><\/p> <ul><\/ul><\/div>\n<form action=\"\/en\/wp-json\/wp\/v2\/pages\/831#wpcf7-f7-o1\" method=\"post\" class=\"wpcf7-form init\" aria-label=\"Contact form\" novalidate=\"novalidate\" data-status=\"init\" data-trp-original-action=\"\/en\/wp-json\/wp\/v2\/pages\/831#wpcf7-f7-o1\">\n<div style=\"display: none;\">\n<input type=\"hidden\" name=\"_wpcf7\" value=\"7\" \/>\n<input type=\"hidden\" name=\"_wpcf7_version\" value=\"5.9.7\" \/>\n<input type=\"hidden\" name=\"_wpcf7_locale\" value=\"en_US\" \/>\n<input type=\"hidden\" name=\"_wpcf7_unit_tag\" value=\"wpcf7-f7-o1\" \/>\n<input type=\"hidden\" name=\"_wpcf7_container_post\" value=\"0\" \/>\n<input type=\"hidden\" name=\"_wpcf7_posted_data_hash\" value=\"\" \/>\n<\/div>\n<div id=\"contact-form\" class=\"contact-validation-active\">\n\t<div>\n\t\t<p><span class=\"wpcf7-form-control-wrap\" data-name=\"name\"><input size=\"40\" maxlength=\"400\" class=\"wpcf7-form-control wpcf7-text wpcf7-validates-as-required form-control\" id=\"name\" aria-required=\"true\" aria-invalid=\"false\" placeholder=\"Full name..\" value=\"\" type=\"text\" name=\"name\" \/><\/span>\n\t\t<\/p>\n\t<\/div>\n\t<div>\n\t\t<p><span class=\"wpcf7-form-control-wrap\" data-name=\"email\"><input size=\"40\" maxlength=\"400\" class=\"wpcf7-form-control wpcf7-email wpcf7-validates-as-required wpcf7-text wpcf7-validates-as-email form-control\" id=\"email\" aria-required=\"true\" aria-invalid=\"false\" placeholder=\"Email address..\" value=\"\" type=\"email\" name=\"email\" \/><\/span>\n\t\t<\/p>\n\t<\/div>\n\t<div>\n\t\t<p><span class=\"wpcf7-form-control-wrap\" data-name=\"subject\"><input size=\"40\" maxlength=\"400\" class=\"wpcf7-form-control wpcf7-text wpcf7-validates-as-required form-control\" id=\"subject\" aria-required=\"true\" aria-invalid=\"false\" placeholder=\"Subject..\" value=\"\" type=\"text\" name=\"subject\" \/><\/span>\n\t\t<\/p>\n\t<\/div>\n\t<div>\n\t\t<p><span class=\"wpcf7-form-control-wrap\" data-name=\"phone\"><input size=\"40\" maxlength=\"400\" class=\"wpcf7-form-control wpcf7-text wpcf7-validates-as-required form-control\" id=\"phone\" aria-required=\"true\" aria-invalid=\"false\" placeholder=\"Phone no..\" value=\"\" type=\"text\" name=\"phone\" \/><\/span>\n\t\t<\/p>\n\t<\/div>\n\t<div>\n\t\t<p><span class=\"wpcf7-form-control-wrap\" data-name=\"message\"><textarea cols=\"40\" rows=\"10\" maxlength=\"2000\" class=\"wpcf7-form-control wpcf7-textarea wpcf7-validates-as-required form-control\" id=\"message\" aria-required=\"true\" aria-invalid=\"false\" placeholder=\"Write..\" name=\"message\"><\/textarea><\/span>\n\t\t<\/p>\n\t<\/div>\n\t<div class=\"submit\">\n\t\t<p><input class=\"wpcf7-form-control wpcf7-submit has-spinner\" type=\"submit\" value=\"Submit\" \/>\n\t\t<\/p>\n\t\t<div id=\"loader\">\n\t\t\t<p><i class=\"fa fa-refresh fa-spin fa-3x fa-fw\"><\/i>\n\t\t\t<\/p>\n\t\t<\/div>\n\t<\/div>\n<\/div><div class=\"wpcf7-response-output\" aria-hidden=\"true\"><\/div>\n<input type=\"hidden\" name=\"trp-form-language\" value=\"en\"\/><\/form>\n<\/div>\n                        <\/div>\r\n                    <\/div>\r\n                    <div class=\"col col-md-3 col-md-offset-1\">\r\n                        <div class=\"contact-info\">\r\n                          <div class=\"contact-info\"><div><em>\u00a0<\/em><\/div><div><h5>Call us:<\/h5><p><a href=\"tel:\/\/+31612128995\">+31 6 1212 8995<\/a><\/p><\/div><div><h5>Email:<\/h5><p>info@nouvousaidons.online<\/p><\/div><p><em>We are also available via <strong>Teams<\/strong> and <strong>Zoom<\/strong>. Send us a message to receive an invitation for a video call.<\/em><\/p><\/div>                    <\/div>\r\n                <\/div>            \r\n            <\/div> <!-- end container -->\r\n        <\/section>\r\n        <!-- end contact-section -->\r\n\t\t\t<\/div>\n\t\t\t\t<\/div>\n\t\t\t\t\t<\/div>\n\t\t<\/div>\n\t\t\t\t\t<\/div>\n\t\t<\/section>\n\t\t\t\t<\/div>","protected":false},"excerpt":{"rendered":"<p>Faire \u00e7a que vous pouvez bien fair. Faites votre truc&#8230; Et nous nous occupons du reste! \u00c0 propos de nous \u00c0 propos de notre entreprise Fait ce que vous pouvez bien fait Vous avez votre propre entreprise parce que vous avez un talent sp\u00e9cifique. Vous \u00eates des professionnels dans votre domaine. vous \u00eates bon dans [&hellip;]<\/p>","protected":false},"author":1,"featured_media":0,"parent":0,"menu_order":0,"comment_status":"closed","ping_status":"closed","template":"elementor_header_footer","meta":{"footnotes":""},"class_list":["post-831","page","type-page","status-publish","hentry"],"yoast_head":"<!-- This site is optimized with the Yoast SEO Premium plugin v22.6 (Yoast SEO v22.6) - https:\/\/yoast.com\/wordpress\/plugins\/seo\/ -->\n<title>Home - Nouvousaidons.online<\/title>\n<meta name=\"robots\" content=\"index, follow, max-snippet:-1, max-image-preview:large, max-video-preview:-1\" \/>\n<link rel=\"canonical\" href=\"https:\/\/nouvousaidons.online\/en\/\" \/>\n<meta property=\"og:locale\" content=\"en_GB\" \/>\n<meta property=\"og:type\" content=\"article\" \/>\n<meta property=\"og:title\" content=\"Home\" \/>\n<meta property=\"og:description\" content=\"Faire \u00e7a que vous pouvez bien fair. Faites votre truc&#8230; Et nous nous occupons du reste! \u00c0 propos de nous \u00c0 propos de notre entreprise Fait ce que vous pouvez bien fait Vous avez votre propre entreprise parce que vous avez un talent sp\u00e9cifique. Vous \u00eates des professionnels dans votre domaine. vous \u00eates bon dans [&hellip;]\" \/>\n<meta property=\"og:url\" content=\"https:\/\/nouvousaidons.online\/en\/\" \/>\n<meta property=\"og:site_name\" content=\"Nouvousaidons.online\" \/>\n<meta property=\"article:modified_time\" content=\"2024-08-08T18:12:42+00:00\" \/>\n<meta property=\"og:image\" content=\"http:\/\/nouvousaidons.online\/wp-content\/uploads\/2024\/07\/diego-ph-vTitvl4O2kE-unsplash-scaled.jpg\" \/>\n<meta name=\"twitter:card\" content=\"summary_large_image\" \/>\n<meta name=\"twitter:label1\" content=\"Estimated reading time\" \/>\n\t<meta name=\"twitter:data1\" content=\"3 minutes\" \/>\n<script type=\"application\/ld+json\" class=\"yoast-schema-graph\">{\"@context\":\"https:\/\/schema.org\",\"@graph\":[{\"@type\":\"WebPage\",\"@id\":\"https:\/\/nouvousaidons.online\/en\/\",\"url\":\"https:\/\/nouvousaidons.online\/en\/\",\"name\":\"Home - Nouvousaidons.online\",\"isPartOf\":{\"@id\":\"https:\/\/nouvousaidons.online\/en\/#website\"},\"primaryImageOfPage\":{\"@id\":\"https:\/\/nouvousaidons.online\/en\/#primaryimage\"},\"image\":{\"@id\":\"https:\/\/nouvousaidons.online\/en\/#primaryimage\"},\"thumbnailUrl\":\"http:\/\/nouvousaidons.online\/wp-content\/uploads\/2024\/07\/diego-ph-vTitvl4O2kE-unsplash-scaled.jpg\",\"datePublished\":\"2024-07-25T13:51:12+00:00\",\"dateModified\":\"2024-08-08T18:12:42+00:00\",\"breadcrumb\":{\"@id\":\"https:\/\/nouvousaidons.online\/en\/#breadcrumb\"},\"inLanguage\":\"en-GB\",\"potentialAction\":[{\"@type\":\"ReadAction\",\"target\":[\"https:\/\/nouvousaidons.online\/en\/\"]}]},{\"@type\":\"ImageObject\",\"inLanguage\":\"en-GB\",\"@id\":\"https:\/\/nouvousaidons.online\/en\/#primaryimage\",\"url\":\"http:\/\/nouvousaidons.online\/wp-content\/uploads\/2024\/07\/diego-ph-vTitvl4O2kE-unsplash-scaled.jpg\",\"contentUrl\":\"http:\/\/nouvousaidons.online\/wp-content\/uploads\/2024\/07\/diego-ph-vTitvl4O2kE-unsplash-scaled.jpg\"},{\"@type\":\"BreadcrumbList\",\"@id\":\"https:\/\/nouvousaidons.online\/en\/#breadcrumb\",\"itemListElement\":[{\"@type\":\"ListItem\",\"position\":1,\"name\":\"Home\",\"item\":\"https:\/\/nouvousaidons.online\/en\/\"},{\"@type\":\"ListItem\",\"position\":2,\"name\":\"Home\"}]},{\"@type\":\"WebSite\",\"@id\":\"https:\/\/nouvousaidons.online\/en\/#website\",\"url\":\"https:\/\/nouvousaidons.online\/en\/\",\"name\":\"Nouvousaidons.online\",\"description\":\"Basis voor nieuwe site\",\"potentialAction\":[{\"@type\":\"SearchAction\",\"target\":{\"@type\":\"EntryPoint\",\"urlTemplate\":\"https:\/\/nouvousaidons.online\/en\/?s={search_term_string}\"},\"query-input\":\"required name=search_term_string\"}],\"inLanguage\":\"en-GB\"}]}<\/script>\n<!-- \/ Yoast SEO Premium plugin. -->","yoast_head_json":{"title":"Home - Nouvousaidons.online","robots":{"index":"index","follow":"follow","max-snippet":"max-snippet:-1","max-image-preview":"max-image-preview:large","max-video-preview":"max-video-preview:-1"},"canonical":"https:\/\/nouvousaidons.online\/en\/","og_locale":"en_GB","og_type":"article","og_title":"Home","og_description":"Faire \u00e7a que vous pouvez bien fair. Faites votre truc&#8230; Et nous nous occupons du reste! \u00c0 propos de nous \u00c0 propos de notre entreprise Fait ce que vous pouvez bien fait Vous avez votre propre entreprise parce que vous avez un talent sp\u00e9cifique. Vous \u00eates des professionnels dans votre domaine. vous \u00eates bon dans [&hellip;]","og_url":"https:\/\/nouvousaidons.online\/en\/","og_site_name":"Nouvousaidons.online","article_modified_time":"2024-08-08T18:12:42+00:00","og_image":[{"url":"http:\/\/nouvousaidons.online\/wp-content\/uploads\/2024\/07\/diego-ph-vTitvl4O2kE-unsplash-scaled.jpg"}],"twitter_card":"summary_large_image","twitter_misc":{"Estimated reading time":"3 minutes"},"schema":{"@context":"https:\/\/schema.org","@graph":[{"@type":"WebPage","@id":"https:\/\/nouvousaidons.online\/en\/","url":"https:\/\/nouvousaidons.online\/en\/","name":"Home - Nouvousaidons.online","isPartOf":{"@id":"https:\/\/nouvousaidons.online\/en\/#website"},"primaryImageOfPage":{"@id":"https:\/\/nouvousaidons.online\/en\/#primaryimage"},"image":{"@id":"https:\/\/nouvousaidons.online\/en\/#primaryimage"},"thumbnailUrl":"http:\/\/nouvousaidons.online\/wp-content\/uploads\/2024\/07\/diego-ph-vTitvl4O2kE-unsplash-scaled.jpg","datePublished":"2024-07-25T13:51:12+00:00","dateModified":"2024-08-08T18:12:42+00:00","breadcrumb":{"@id":"https:\/\/nouvousaidons.online\/en\/#breadcrumb"},"inLanguage":"en-GB","potentialAction":[{"@type":"ReadAction","target":["https:\/\/nouvousaidons.online\/en\/"]}]},{"@type":"ImageObject","inLanguage":"en-GB","@id":"https:\/\/nouvousaidons.online\/en\/#primaryimage","url":"http:\/\/nouvousaidons.online\/wp-content\/uploads\/2024\/07\/diego-ph-vTitvl4O2kE-unsplash-scaled.jpg","contentUrl":"http:\/\/nouvousaidons.online\/wp-content\/uploads\/2024\/07\/diego-ph-vTitvl4O2kE-unsplash-scaled.jpg"},{"@type":"BreadcrumbList","@id":"https:\/\/nouvousaidons.online\/en\/#breadcrumb","itemListElement":[{"@type":"ListItem","position":1,"name":"Home","item":"https:\/\/nouvousaidons.online\/en\/"},{"@type":"ListItem","position":2,"name":"Home"}]},{"@type":"WebSite","@id":"https:\/\/nouvousaidons.online\/en\/#website","url":"https:\/\/nouvousaidons.online\/en\/","name":"Nouvousaidons.online","description":"Basis voor nieuwe site","potentialAction":[{"@type":"SearchAction","target":{"@type":"EntryPoint","urlTemplate":"https:\/\/nouvousaidons.online\/en\/?s={search_term_string}"},"query-input":"required name=search_term_string"}],"inLanguage":"en-GB"}]}},"_links":{"self":[{"href":"https:\/\/nouvousaidons.online\/en\/wp-json\/wp\/v2\/pages\/831","targetHints":{"allow":["GET"]}}],"collection":[{"href":"https:\/\/nouvousaidons.online\/en\/wp-json\/wp\/v2\/pages"}],"about":[{"href":"https:\/\/nouvousaidons.online\/en\/wp-json\/wp\/v2\/types\/page"}],"author":[{"embeddable":true,"href":"https:\/\/nouvousaidons.online\/en\/wp-json\/wp\/v2\/users\/1"}],"replies":[{"embeddable":true,"href":"https:\/\/nouvousaidons.online\/en\/wp-json\/wp\/v2\/comments?post=831"}],"version-history":[{"count":31,"href":"https:\/\/nouvousaidons.online\/en\/wp-json\/wp\/v2\/pages\/831\/revisions"}],"predecessor-version":[{"id":936,"href":"https:\/\/nouvousaidons.online\/en\/wp-json\/wp\/v2\/pages\/831\/revisions\/936"}],"wp:attachment":[{"href":"https:\/\/nouvousaidons.online\/en\/wp-json\/wp\/v2\/media?parent=831"}],"curies":[{"name":"wp","href":"https:\/\/api.w.org\/{rel}","templated":true}]}}