{"id":880,"date":"2024-07-25T15:36:30","date_gmt":"2024-07-25T14:36:30","guid":{"rendered":"http:\/\/nouvousaidons.online\/?page_id=880"},"modified":"2024-07-25T19:15:42","modified_gmt":"2024-07-25T18:15:42","slug":"developpement-web","status":"publish","type":"page","link":"https:\/\/nouvousaidons.online\/en\/home-5\/services\/developpement-web\/","title":{"rendered":"Web Development"},"content":{"rendered":"<div data-elementor-type=\"wp-page\" data-elementor-id=\"880\" class=\"elementor elementor-880\" data-elementor-post-type=\"page\">\n\t\t\t\t\t\t<section class=\"elementor-section elementor-top-section elementor-element elementor-element-17e04ef elementor-section-height-full elementor-section-boxed elementor-section-height-default elementor-section-items-middle\" data-id=\"17e04ef\" data-element_type=\"section\">\n\t\t\t\t\t\t<div class=\"elementor-container elementor-column-gap-default\">\n\t\t\t\t\t<div class=\"elementor-column elementor-col-50 elementor-top-column elementor-element elementor-element-c0861a6\" data-id=\"c0861a6\" data-element_type=\"column\">\n\t\t\t<div class=\"elementor-widget-wrap elementor-element-populated\">\n\t\t\t\t\t\t<div class=\"elementor-element elementor-element-2a5b99a elementor-widget elementor-widget-text-editor\" data-id=\"2a5b99a\" data-element_type=\"widget\" data-widget_type=\"text-editor.default\">\n\t\t\t\t<div class=\"elementor-widget-container\">\n\t\t\t<style>\/*! elementor - v3.21.0 - 30-04-2024 *\/\n.elementor-widget-text-editor.elementor-drop-cap-view-stacked .elementor-drop-cap{background-color:#69727d;color:#fff}.elementor-widget-text-editor.elementor-drop-cap-view-framed .elementor-drop-cap{color:#69727d;border:3px solid;background-color:transparent}.elementor-widget-text-editor:not(.elementor-drop-cap-view-default) .elementor-drop-cap{margin-top:8px}.elementor-widget-text-editor:not(.elementor-drop-cap-view-default) .elementor-drop-cap-letter{width:1em;height:1em}.elementor-widget-text-editor .elementor-drop-cap{float:left;text-align:center;line-height:1;font-size:50px}.elementor-widget-text-editor .elementor-drop-cap-letter{display:inline-block}<\/style>\t\t\t\t<h2>Web Development<\/h2>\t\t\t\t\t\t<\/div>\n\t\t\t\t<\/div>\n\t\t\t\t\t<\/div>\n\t\t<\/div>\n\t\t\t\t<div class=\"elementor-column elementor-col-50 elementor-top-column elementor-element elementor-element-a187607\" data-id=\"a187607\" data-element_type=\"column\">\n\t\t\t<div class=\"elementor-widget-wrap elementor-element-populated\">\n\t\t\t\t\t\t<div class=\"elementor-element elementor-element-65819f0 elementor-widget elementor-widget-text-editor\" data-id=\"65819f0\" data-element_type=\"widget\" data-widget_type=\"text-editor.default\">\n\t\t\t\t<div class=\"elementor-widget-container\">\n\t\t\t\t\t\t\t<p>At NouvousAidons.online, we understand that a website is much more than just code and design; it is the heart of your digital identity. That\u2019s why we offer a comprehensive web design service that combines technical expertise with creative perspectives to bring your vision to life.<\/p>\t\t\t\t\t\t<\/div>\n\t\t\t\t<\/div>\n\t\t\t\t\t<\/div>\n\t\t<\/div>\n\t\t\t\t\t<\/div>\n\t\t<\/section>\n\t\t\t\t<section class=\"elementor-section elementor-top-section elementor-element elementor-element-3724c48 elementor-section-boxed elementor-section-height-default elementor-section-height-default\" data-id=\"3724c48\" data-element_type=\"section\">\n\t\t\t\t\t\t<div class=\"elementor-container elementor-column-gap-default\">\n\t\t\t\t\t<div class=\"elementor-column elementor-col-100 elementor-top-column elementor-element elementor-element-36e1d7e\" data-id=\"36e1d7e\" data-element_type=\"column\">\n\t\t\t<div class=\"elementor-widget-wrap elementor-element-populated\">\n\t\t\t\t\t\t<div class=\"elementor-element elementor-element-45de152 elementor-widget elementor-widget-text-editor\" data-id=\"45de152\" data-element_type=\"widget\" data-widget_type=\"text-editor.default\">\n\t\t\t\t<div class=\"elementor-widget-container\">\n\t\t\t\t\t\t\t<h2>Complete Website Creation<\/h2><p>Our experts handle the development of a comprehensive, functional, and visually appealing website. This includes textual content and graphic elements, with the option to provide custom photos that perfectly align with your brand\u2019s identity. Whether you need an informational site or a dynamic multimedia site, we deliver a tailored solution that meets your specific needs.<\/p><h2>E-Commerce Store Design<\/h2><p>E-commerce is now essential in the current market. Our team specializes in designing online stores that are not only user-friendly but also optimized to maximize your sales. From product displays to the checkout process, every aspect of your online store is meticulously crafted to enhance user experience and boost conversion rates.<\/p><h2>Maintenance and Support<\/h2><p>Maintaining a website can be time-consuming, but it\u2019s crucial for security and functionality. Our maintenance team is ready to keep your site up-to-date and operational. We offer regular updates, security checks, and technical support to ensure that your website continues to run smoothly.<\/p><h2>Why Choose NouvousAidons.online?<\/h2><p><strong>Expertise:<\/strong> Our professionals have extensive experience in all aspects of web development, from initial setup to advanced features.<\/p><p><strong>Personalized Approach:<\/strong> Every project is unique. We listen to your needs and tailor our services accordingly.<\/p><p><strong>Advanced Technologies:<\/strong> We use the latest technologies and trends to ensure your website is future-ready.<\/p><p><strong>Affordable Solutions:<\/strong> We offer competitive pricing without compromising on quality or functionality.<\/p><p>Let us handle the technical aspects while you focus on what you do best\u2014running your business. With NouvousAidons.online by your side, you\u2019ll have more time and energy to invest in growing your business, knowing that your online presence is in expert hands.<\/p>\t\t\t\t\t\t<\/div>\n\t\t\t\t<\/div>\n\t\t\t\t\t<\/div>\n\t\t<\/div>\n\t\t\t\t\t<\/div>\n\t\t<\/section>\n\t\t\t\t<section class=\"elementor-section elementor-top-section elementor-element elementor-element-749b6d6 elementor-section-boxed elementor-section-height-default elementor-section-height-default\" data-id=\"749b6d6\" data-element_type=\"section\">\n\t\t\t\t\t\t<div class=\"elementor-container elementor-column-gap-default\">\n\t\t\t\t\t<div class=\"elementor-column elementor-col-100 elementor-top-column elementor-element elementor-element-a67e687\" data-id=\"a67e687\" data-element_type=\"column\">\n\t\t\t<div class=\"elementor-widget-wrap elementor-element-populated\">\n\t\t\t\t\t\t<div class=\"elementor-element elementor-element-9f548ed elementor-widget elementor-widget-spacer\" data-id=\"9f548ed\" data-element_type=\"widget\" data-widget_type=\"spacer.default\">\n\t\t\t\t<div class=\"elementor-widget-container\">\n\t\t\t<style>\/*! elementor - v3.21.0 - 30-04-2024 *\/\n.elementor-column .elementor-spacer-inner{height:var(--spacer-size)}.e-con{--container-widget-width:100%}.e-con-inner>.elementor-widget-spacer,.e-con>.elementor-widget-spacer{width:var(--container-widget-width,var(--spacer-size));--align-self:var(--container-widget-align-self,initial);--flex-shrink:0}.e-con-inner>.elementor-widget-spacer>.elementor-widget-container,.e-con>.elementor-widget-spacer>.elementor-widget-container{height:100%;width:100%}.e-con-inner>.elementor-widget-spacer>.elementor-widget-container>.elementor-spacer,.e-con>.elementor-widget-spacer>.elementor-widget-container>.elementor-spacer{height:100%}.e-con-inner>.elementor-widget-spacer>.elementor-widget-container>.elementor-spacer>.elementor-spacer-inner,.e-con>.elementor-widget-spacer>.elementor-widget-container>.elementor-spacer>.elementor-spacer-inner{height:var(--container-widget-height,var(--spacer-size))}.e-con-inner>.elementor-widget-spacer.elementor-widget-empty,.e-con>.elementor-widget-spacer.elementor-widget-empty{position:relative;min-height:22px;min-width:22px}.e-con-inner>.elementor-widget-spacer.elementor-widget-empty .elementor-widget-empty-icon,.e-con>.elementor-widget-spacer.elementor-widget-empty .elementor-widget-empty-icon{position:absolute;top:0;bottom:0;left:0;right:0;margin:auto;padding:0;width:22px;height:22px}<\/style>\t\t<div class=\"elementor-spacer\">\n\t\t\t<div class=\"elementor-spacer-inner\"><\/div>\n\t\t<\/div>\n\t\t\t\t<\/div>\n\t\t\t\t<\/div>\n\t\t\t\t\t<\/div>\n\t\t<\/div>\n\t\t\t\t\t<\/div>\n\t\t<\/section>\n\t\t\t\t<\/div>","protected":false},"excerpt":{"rendered":"<p>D\u00e9veloppement WebChez NouvousAidons.online, nous comprenons qu&rsquo;un site web est bien plus que du code et du design ; il est le c\u0153ur de votre identit\u00e9 num\u00e9rique. C&rsquo;est pourquoi nous offrons un service complet de cr\u00e9ation de sites web qui int\u00e8gre \u00e0 la fois l&rsquo;expertise technique et des perspectives cr\u00e9atives pour concr\u00e9tiser votre vision.Cr\u00e9ation Compl\u00e8te de [&hellip;]<\/p>","protected":false},"author":1,"featured_media":0,"parent":899,"menu_order":1,"comment_status":"closed","ping_status":"closed","template":"elementor_header_footer","meta":{"footnotes":""},"class_list":["post-880","page","type-page","status-publish","hentry"],"yoast_head":"<!-- This site is optimized with the Yoast SEO Premium plugin v22.6 (Yoast SEO v22.6) - https:\/\/yoast.com\/wordpress\/plugins\/seo\/ -->\n<title>D\u00e9veloppement Web - Nouvousaidons.online<\/title>\n<meta name=\"robots\" content=\"index, follow, max-snippet:-1, max-image-preview:large, max-video-preview:-1\" \/>\n<link rel=\"canonical\" href=\"https:\/\/nouvousaidons.online\/en\/home-5\/services\/developpement-web\/\" \/>\n<meta property=\"og:locale\" content=\"en_GB\" \/>\n<meta property=\"og:type\" content=\"article\" \/>\n<meta property=\"og:title\" content=\"D\u00e9veloppement Web\" \/>\n<meta property=\"og:description\" content=\"D\u00e9veloppement WebChez NouvousAidons.online, nous comprenons qu&rsquo;un site web est bien plus que du code et du design ; il est le c\u0153ur de votre identit\u00e9 num\u00e9rique. C&rsquo;est pourquoi nous offrons un service complet de cr\u00e9ation de sites web qui int\u00e8gre \u00e0 la fois l&rsquo;expertise technique et des perspectives cr\u00e9atives pour concr\u00e9tiser votre vision.Cr\u00e9ation Compl\u00e8te de [&hellip;]\" \/>\n<meta property=\"og:url\" content=\"https:\/\/nouvousaidons.online\/en\/home-5\/services\/developpement-web\/\" \/>\n<meta property=\"og:site_name\" content=\"Nouvousaidons.online\" \/>\n<meta property=\"article:modified_time\" content=\"2024-07-25T18:15:42+00:00\" \/>\n<meta name=\"twitter:card\" content=\"summary_large_image\" \/>\n<meta name=\"twitter:label1\" content=\"Estimated reading time\" \/>\n\t<meta name=\"twitter:data1\" content=\"2 minutes\" \/>\n<script type=\"application\/ld+json\" class=\"yoast-schema-graph\">{\"@context\":\"https:\/\/schema.org\",\"@graph\":[{\"@type\":\"WebPage\",\"@id\":\"https:\/\/nouvousaidons.online\/en\/home-5\/services\/developpement-web\/\",\"url\":\"https:\/\/nouvousaidons.online\/en\/home-5\/services\/developpement-web\/\",\"name\":\"D\u00e9veloppement Web - Nouvousaidons.online\",\"isPartOf\":{\"@id\":\"https:\/\/nouvousaidons.online\/en\/#website\"},\"datePublished\":\"2024-07-25T14:36:30+00:00\",\"dateModified\":\"2024-07-25T18:15:42+00:00\",\"breadcrumb\":{\"@id\":\"https:\/\/nouvousaidons.online\/en\/home-5\/services\/developpement-web\/#breadcrumb\"},\"inLanguage\":\"en-GB\",\"potentialAction\":[{\"@type\":\"ReadAction\",\"target\":[\"https:\/\/nouvousaidons.online\/en\/home-5\/services\/developpement-web\/\"]}]},{\"@type\":\"BreadcrumbList\",\"@id\":\"https:\/\/nouvousaidons.online\/en\/home-5\/services\/developpement-web\/#breadcrumb\",\"itemListElement\":[{\"@type\":\"ListItem\",\"position\":1,\"name\":\"Home\",\"item\":\"https:\/\/nouvousaidons.online\/en\/\"},{\"@type\":\"ListItem\",\"position\":2,\"name\":\"Home\",\"item\":\"https:\/\/nouvousaidons.online\/en\/\"},{\"@type\":\"ListItem\",\"position\":3,\"name\":\"Services\",\"item\":\"https:\/\/nouvousaidons.online\/en\/home-5\/services\/\"},{\"@type\":\"ListItem\",\"position\":4,\"name\":\"D\u00e9veloppement Web\"}]},{\"@type\":\"WebSite\",\"@id\":\"https:\/\/nouvousaidons.online\/en\/#website\",\"url\":\"https:\/\/nouvousaidons.online\/en\/\",\"name\":\"Nouvousaidons.online\",\"description\":\"Basis voor nieuwe site\",\"potentialAction\":[{\"@type\":\"SearchAction\",\"target\":{\"@type\":\"EntryPoint\",\"urlTemplate\":\"https:\/\/nouvousaidons.online\/en\/?s={search_term_string}\"},\"query-input\":\"required name=search_term_string\"}],\"inLanguage\":\"en-GB\"}]}<\/script>\n<!-- \/ Yoast SEO Premium plugin. -->","yoast_head_json":{"title":"D\u00e9veloppement Web - Nouvousaidons.online","robots":{"index":"index","follow":"follow","max-snippet":"max-snippet:-1","max-image-preview":"max-image-preview:large","max-video-preview":"max-video-preview:-1"},"canonical":"https:\/\/nouvousaidons.online\/en\/home-5\/services\/developpement-web\/","og_locale":"en_GB","og_type":"article","og_title":"D\u00e9veloppement Web","og_description":"D\u00e9veloppement WebChez NouvousAidons.online, nous comprenons qu&rsquo;un site web est bien plus que du code et du design ; il est le c\u0153ur de votre identit\u00e9 num\u00e9rique. C&rsquo;est pourquoi nous offrons un service complet de cr\u00e9ation de sites web qui int\u00e8gre \u00e0 la fois l&rsquo;expertise technique et des perspectives cr\u00e9atives pour concr\u00e9tiser votre vision.Cr\u00e9ation Compl\u00e8te de [&hellip;]","og_url":"https:\/\/nouvousaidons.online\/en\/home-5\/services\/developpement-web\/","og_site_name":"Nouvousaidons.online","article_modified_time":"2024-07-25T18:15:42+00:00","twitter_card":"summary_large_image","twitter_misc":{"Estimated reading time":"2 minutes"},"schema":{"@context":"https:\/\/schema.org","@graph":[{"@type":"WebPage","@id":"https:\/\/nouvousaidons.online\/en\/home-5\/services\/developpement-web\/","url":"https:\/\/nouvousaidons.online\/en\/home-5\/services\/developpement-web\/","name":"D\u00e9veloppement Web - Nouvousaidons.online","isPartOf":{"@id":"https:\/\/nouvousaidons.online\/en\/#website"},"datePublished":"2024-07-25T14:36:30+00:00","dateModified":"2024-07-25T18:15:42+00:00","breadcrumb":{"@id":"https:\/\/nouvousaidons.online\/en\/home-5\/services\/developpement-web\/#breadcrumb"},"inLanguage":"en-GB","potentialAction":[{"@type":"ReadAction","target":["https:\/\/nouvousaidons.online\/en\/home-5\/services\/developpement-web\/"]}]},{"@type":"BreadcrumbList","@id":"https:\/\/nouvousaidons.online\/en\/home-5\/services\/developpement-web\/#breadcrumb","itemListElement":[{"@type":"ListItem","position":1,"name":"Home","item":"https:\/\/nouvousaidons.online\/en\/"},{"@type":"ListItem","position":2,"name":"Home","item":"https:\/\/nouvousaidons.online\/en\/"},{"@type":"ListItem","position":3,"name":"Services","item":"https:\/\/nouvousaidons.online\/en\/home-5\/services\/"},{"@type":"ListItem","position":4,"name":"D\u00e9veloppement Web"}]},{"@type":"WebSite","@id":"https:\/\/nouvousaidons.online\/en\/#website","url":"https:\/\/nouvousaidons.online\/en\/","name":"Nouvousaidons.online","description":"Basis voor nieuwe site","potentialAction":[{"@type":"SearchAction","target":{"@type":"EntryPoint","urlTemplate":"https:\/\/nouvousaidons.online\/en\/?s={search_term_string}"},"query-input":"required name=search_term_string"}],"inLanguage":"en-GB"}]}},"_links":{"self":[{"href":"https:\/\/nouvousaidons.online\/en\/wp-json\/wp\/v2\/pages\/880","targetHints":{"allow":["GET"]}}],"collection":[{"href":"https:\/\/nouvousaidons.online\/en\/wp-json\/wp\/v2\/pages"}],"about":[{"href":"https:\/\/nouvousaidons.online\/en\/wp-json\/wp\/v2\/types\/page"}],"author":[{"embeddable":true,"href":"https:\/\/nouvousaidons.online\/en\/wp-json\/wp\/v2\/users\/1"}],"replies":[{"embeddable":true,"href":"https:\/\/nouvousaidons.online\/en\/wp-json\/wp\/v2\/comments?post=880"}],"version-history":[{"count":7,"href":"https:\/\/nouvousaidons.online\/en\/wp-json\/wp\/v2\/pages\/880\/revisions"}],"predecessor-version":[{"id":890,"href":"https:\/\/nouvousaidons.online\/en\/wp-json\/wp\/v2\/pages\/880\/revisions\/890"}],"up":[{"embeddable":true,"href":"https:\/\/nouvousaidons.online\/en\/wp-json\/wp\/v2\/pages\/899"}],"wp:attachment":[{"href":"https:\/\/nouvousaidons.online\/en\/wp-json\/wp\/v2\/media?parent=880"}],"curies":[{"name":"wp","href":"https:\/\/api.w.org\/{rel}","templated":true}]}}