{"id":865,"date":"2024-07-25T15:19:06","date_gmt":"2024-07-25T14:19:06","guid":{"rendered":"http:\/\/nouvousaidons.online\/?page_id=865"},"modified":"2024-07-25T19:15:32","modified_gmt":"2024-07-25T18:15:32","slug":"service-client","status":"publish","type":"page","link":"https:\/\/nouvousaidons.online\/nl\/home-5\/services\/service-client\/","title":{"rendered":"Klantenservice"},"content":{"rendered":"<div data-elementor-type=\"wp-page\" data-elementor-id=\"865\" class=\"elementor elementor-865\" data-elementor-post-type=\"page\">\n\t\t\t\t\t\t<section class=\"elementor-section elementor-top-section elementor-element elementor-element-bab4c5a elementor-section-height-full elementor-section-boxed elementor-section-height-default elementor-section-items-middle\" data-id=\"bab4c5a\" data-element_type=\"section\">\n\t\t\t\t\t\t<div class=\"elementor-container elementor-column-gap-default\">\n\t\t\t\t\t<div class=\"elementor-column elementor-col-50 elementor-top-column elementor-element elementor-element-994898e\" data-id=\"994898e\" data-element_type=\"column\">\n\t\t\t<div class=\"elementor-widget-wrap elementor-element-populated\">\n\t\t\t\t\t\t<div class=\"elementor-element elementor-element-ee3d087 elementor-widget elementor-widget-text-editor\" data-id=\"ee3d087\" data-element_type=\"widget\" data-widget_type=\"text-editor.default\">\n\t\t\t\t<div class=\"elementor-widget-container\">\n\t\t\t<style>\/*! elementor - v3.21.0 - 30-04-2024 *\/\n.elementor-widget-text-editor.elementor-drop-cap-view-stacked .elementor-drop-cap{background-color:#69727d;color:#fff}.elementor-widget-text-editor.elementor-drop-cap-view-framed .elementor-drop-cap{color:#69727d;border:3px solid;background-color:transparent}.elementor-widget-text-editor:not(.elementor-drop-cap-view-default) .elementor-drop-cap{margin-top:8px}.elementor-widget-text-editor:not(.elementor-drop-cap-view-default) .elementor-drop-cap-letter{width:1em;height:1em}.elementor-widget-text-editor .elementor-drop-cap{float:left;text-align:center;line-height:1;font-size:50px}.elementor-widget-text-editor .elementor-drop-cap-letter{display:inline-block}<\/style>\t\t\t\t<h2>Klantenservice<\/h2>\t\t\t\t\t\t<\/div>\n\t\t\t\t<\/div>\n\t\t\t\t\t<\/div>\n\t\t<\/div>\n\t\t\t\t<div class=\"elementor-column elementor-col-50 elementor-top-column elementor-element elementor-element-ab7ee76\" data-id=\"ab7ee76\" data-element_type=\"column\">\n\t\t\t<div class=\"elementor-widget-wrap elementor-element-populated\">\n\t\t\t\t\t\t<div class=\"elementor-element elementor-element-9b78719 elementor-widget elementor-widget-text-editor\" data-id=\"9b78719\" data-element_type=\"widget\" data-widget_type=\"text-editor.default\">\n\t\t\t\t<div class=\"elementor-widget-container\">\n\t\t\t\t\t\t\t<p>Ervaar de voordelen van uitzonderlijke klantenservice zonder de extra lasten van personeelsbeheer. Onze dienst biedt u de unieke mogelijkheid om een toegewijde en betrokken medewerker in te schakelen die namens uw bedrijf eersteklas klantenservice levert. Deze medewerker presenteert zich alsof hij rechtstreeks door u is aangenomen, waardoor uw klanten een naadloze en professionele ervaring krijgen.<\/p>\t\t\t\t\t\t<\/div>\n\t\t\t\t<\/div>\n\t\t\t\t\t<\/div>\n\t\t<\/div>\n\t\t\t\t\t<\/div>\n\t\t<\/section>\n\t\t\t\t<section class=\"elementor-section elementor-top-section elementor-element elementor-element-d1b897e elementor-section-boxed elementor-section-height-default elementor-section-height-default\" data-id=\"d1b897e\" data-element_type=\"section\">\n\t\t\t\t\t\t<div class=\"elementor-container elementor-column-gap-default\">\n\t\t\t\t\t<div class=\"elementor-column elementor-col-100 elementor-top-column elementor-element elementor-element-26ed5b2\" data-id=\"26ed5b2\" data-element_type=\"column\">\n\t\t\t<div class=\"elementor-widget-wrap elementor-element-populated\">\n\t\t\t\t\t\t<div class=\"elementor-element elementor-element-452b77c elementor-widget elementor-widget-text-editor\" data-id=\"452b77c\" data-element_type=\"widget\" data-widget_type=\"text-editor.default\">\n\t\t\t\t<div class=\"elementor-widget-container\">\n\t\t\t\t\t\t\t<h2>Onze Dienst<\/h2><p>Onze medewerkers zijn niet alleen experts in klantcommunicatie, maar ze zijn ook getraind om zich volledig in te leven in de waarden en producten van uw bedrijf. Ze bieden oplossingen, beantwoorden vragen en beheren alle klantinteracties met de grootste zorg \u2013 zonder dat u zich er zorgen over hoeft te maken.<\/p><h2>Flexibele Communicatiekanalen<\/h2><p>We begrijpen dat moderne bedrijven een diversiteit aan communicatiekanalen nodig hebben om hun klanten effectief te bereiken en te bedienen. Daarom kunt u kiezen uit een breed scala aan communicatieopties:<\/p><p><strong>Telefonische support<\/strong> : Nos collaborateurs r\u00e9pondent au t\u00e9l\u00e9phone au nom de votre entreprise, assurant une r\u00e9ponse personnelle et directe.<\/p><p><strong>Whatsapp en Chat<\/strong> :  Voor snelle en informele communicatie staan onze medewerkers klaar om via deze populaire kanalen te reageren.<\/p><p><strong>Social Media<\/strong> : Actieve betrokkenheid en ondersteuning via platforms zoals Facebook, Instagram en Twitter.<\/p><p><strong>E-mail<\/strong> : Professioneel beheer van klantvragen per e-mail, waarbij elke reactie zorgvuldig wordt afgestemd op de behoeften van de klant.<\/p><h2>Hoe Werkt Het?<\/h2><p>U huurt onze medewerker in voor een vast aantal uren per week. Gedurende deze tijd worden alle oproepen direct beantwoord en worden vragen die via andere kanalen binnenkomen verzameld en binnen de afgesproken tijd behandeld. Dit flexibele model stelt u in staat om de service-uren aan te passen aan de behoeften van uw bedrijf, zonder de vaste lasten van extra fulltime personeel.<\/p><h2>Voordelen voor Uw Bedrijf<\/h2><p>Door gebruik te maken van onze externe klantenservice-agents, kunt u profiteren van verschillende voordelen:<\/p><p><strong>Kostenreductie<\/strong> : Verminder de uitgaven voor het aannemen en trainen van personeel.<\/p><p><strong>Flexibiliteit<\/strong> : Pas de uren aan naar gelang de behoefte, ideaal voor seizoensgebonden schommelingen.<\/p><p><strong>Professionele Uitstraling<\/strong> : Handhaaf een hoog niveau van klantenservice dat consistent is met de identiteit van uw merk.<\/p><p><strong>Meer Tijd en Focus:<\/strong> : Richt u op de groei van uw bedrijf terwijl wij de dagelijkse interacties met klanten beheren.<\/p><p>Door onze medewerkers in te schakelen, zorgt u niet alleen voor de continu\u00efteit en kwaliteit van uw klantenservice, maar versterkt u ook de relatie met uw klanten door hoogwaardige interacties. Laat ons uw klantenservice beheren, zodat u zich kunt concentreren op wat echt belangrijk is: de groei van uw bedrijf.<\/p>\t\t\t\t\t\t<\/div>\n\t\t\t\t<\/div>\n\t\t\t\t\t<\/div>\n\t\t<\/div>\n\t\t\t\t\t<\/div>\n\t\t<\/section>\n\t\t\t\t<section class=\"elementor-section elementor-top-section elementor-element elementor-element-9c3c852 elementor-section-boxed elementor-section-height-default elementor-section-height-default\" data-id=\"9c3c852\" data-element_type=\"section\">\n\t\t\t\t\t\t<div class=\"elementor-container elementor-column-gap-default\">\n\t\t\t\t\t<div class=\"elementor-column elementor-col-100 elementor-top-column elementor-element elementor-element-307c841\" data-id=\"307c841\" data-element_type=\"column\">\n\t\t\t<div class=\"elementor-widget-wrap elementor-element-populated\">\n\t\t\t\t\t\t<div class=\"elementor-element elementor-element-6a3556e elementor-widget elementor-widget-spacer\" data-id=\"6a3556e\" data-element_type=\"widget\" data-widget_type=\"spacer.default\">\n\t\t\t\t<div class=\"elementor-widget-container\">\n\t\t\t<style>\/*! elementor - v3.21.0 - 30-04-2024 *\/\n.elementor-column .elementor-spacer-inner{height:var(--spacer-size)}.e-con{--container-widget-width:100%}.e-con-inner>.elementor-widget-spacer,.e-con>.elementor-widget-spacer{width:var(--container-widget-width,var(--spacer-size));--align-self:var(--container-widget-align-self,initial);--flex-shrink:0}.e-con-inner>.elementor-widget-spacer>.elementor-widget-container,.e-con>.elementor-widget-spacer>.elementor-widget-container{height:100%;width:100%}.e-con-inner>.elementor-widget-spacer>.elementor-widget-container>.elementor-spacer,.e-con>.elementor-widget-spacer>.elementor-widget-container>.elementor-spacer{height:100%}.e-con-inner>.elementor-widget-spacer>.elementor-widget-container>.elementor-spacer>.elementor-spacer-inner,.e-con>.elementor-widget-spacer>.elementor-widget-container>.elementor-spacer>.elementor-spacer-inner{height:var(--container-widget-height,var(--spacer-size))}.e-con-inner>.elementor-widget-spacer.elementor-widget-empty,.e-con>.elementor-widget-spacer.elementor-widget-empty{position:relative;min-height:22px;min-width:22px}.e-con-inner>.elementor-widget-spacer.elementor-widget-empty .elementor-widget-empty-icon,.e-con>.elementor-widget-spacer.elementor-widget-empty .elementor-widget-empty-icon{position:absolute;top:0;bottom:0;left:0;right:0;margin:auto;padding:0;width:22px;height:22px}<\/style>\t\t<div class=\"elementor-spacer\">\n\t\t\t<div class=\"elementor-spacer-inner\"><\/div>\n\t\t<\/div>\n\t\t\t\t<\/div>\n\t\t\t\t<\/div>\n\t\t\t\t\t<\/div>\n\t\t<\/div>\n\t\t\t\t\t<\/div>\n\t\t<\/section>\n\t\t\t\t<\/div>","protected":false},"excerpt":{"rendered":"<p>Service ClientD\u00e9couvrez la puissance d&rsquo;un service client exceptionnel sans la charge suppl\u00e9mentaire de la gestion du personnel. Notre service vous offre la possibilit\u00e9 unique d&rsquo;engager un collaborateur d\u00e9vou\u00e9 et impliqu\u00e9 qui fournira un service client\u00e8le de premier niveau au nom de votre entreprise. Ce collaborateur se pr\u00e9sentera comme s&rsquo;il \u00e9tait directement employ\u00e9 par vous, offrant [&hellip;]<\/p>","protected":false},"author":1,"featured_media":0,"parent":899,"menu_order":2,"comment_status":"closed","ping_status":"closed","template":"elementor_header_footer","meta":{"footnotes":""},"class_list":["post-865","page","type-page","status-publish","hentry"],"yoast_head":"<!-- This site is optimized with the Yoast SEO Premium plugin v22.6 (Yoast SEO v22.6) - https:\/\/yoast.com\/wordpress\/plugins\/seo\/ -->\n<title>Service Client - Nouvousaidons.online<\/title>\n<meta name=\"robots\" content=\"index, follow, max-snippet:-1, max-image-preview:large, max-video-preview:-1\" \/>\n<link rel=\"canonical\" href=\"https:\/\/nouvousaidons.online\/nl\/home-5\/services\/service-client\/\" \/>\n<meta property=\"og:locale\" content=\"nl_NL\" \/>\n<meta property=\"og:type\" content=\"article\" \/>\n<meta property=\"og:title\" content=\"Service Client\" \/>\n<meta property=\"og:description\" content=\"Service ClientD\u00e9couvrez la puissance d&rsquo;un service client exceptionnel sans la charge suppl\u00e9mentaire de la gestion du personnel. Notre service vous offre la possibilit\u00e9 unique d&rsquo;engager un collaborateur d\u00e9vou\u00e9 et impliqu\u00e9 qui fournira un service client\u00e8le de premier niveau au nom de votre entreprise. Ce collaborateur se pr\u00e9sentera comme s&rsquo;il \u00e9tait directement employ\u00e9 par vous, offrant [&hellip;]\" \/>\n<meta property=\"og:url\" content=\"https:\/\/nouvousaidons.online\/nl\/home-5\/services\/service-client\/\" \/>\n<meta property=\"og:site_name\" content=\"Nouvousaidons.online\" \/>\n<meta property=\"article:modified_time\" content=\"2024-07-25T18:15:32+00:00\" \/>\n<meta name=\"twitter:card\" content=\"summary_large_image\" \/>\n<meta name=\"twitter:label1\" content=\"Geschatte leestijd\" \/>\n\t<meta name=\"twitter:data1\" content=\"3 minuten\" \/>\n<script type=\"application\/ld+json\" class=\"yoast-schema-graph\">{\"@context\":\"https:\/\/schema.org\",\"@graph\":[{\"@type\":\"WebPage\",\"@id\":\"https:\/\/nouvousaidons.online\/nl\/home-5\/services\/service-client\/\",\"url\":\"https:\/\/nouvousaidons.online\/nl\/home-5\/services\/service-client\/\",\"name\":\"Service Client - Nouvousaidons.online\",\"isPartOf\":{\"@id\":\"https:\/\/nouvousaidons.online\/nl\/#website\"},\"datePublished\":\"2024-07-25T14:19:06+00:00\",\"dateModified\":\"2024-07-25T18:15:32+00:00\",\"breadcrumb\":{\"@id\":\"https:\/\/nouvousaidons.online\/nl\/home-5\/services\/service-client\/#breadcrumb\"},\"inLanguage\":\"nl-NL\",\"potentialAction\":[{\"@type\":\"ReadAction\",\"target\":[\"https:\/\/nouvousaidons.online\/nl\/home-5\/services\/service-client\/\"]}]},{\"@type\":\"BreadcrumbList\",\"@id\":\"https:\/\/nouvousaidons.online\/nl\/home-5\/services\/service-client\/#breadcrumb\",\"itemListElement\":[{\"@type\":\"ListItem\",\"position\":1,\"name\":\"Home\",\"item\":\"https:\/\/nouvousaidons.online\/nl\/\"},{\"@type\":\"ListItem\",\"position\":2,\"name\":\"Home\",\"item\":\"https:\/\/nouvousaidons.online\/nl\/\"},{\"@type\":\"ListItem\",\"position\":3,\"name\":\"Services\",\"item\":\"https:\/\/nouvousaidons.online\/nl\/home-5\/services\/\"},{\"@type\":\"ListItem\",\"position\":4,\"name\":\"Service Client\"}]},{\"@type\":\"WebSite\",\"@id\":\"https:\/\/nouvousaidons.online\/nl\/#website\",\"url\":\"https:\/\/nouvousaidons.online\/nl\/\",\"name\":\"Nouvousaidons.online\",\"description\":\"Basis voor nieuwe site\",\"potentialAction\":[{\"@type\":\"SearchAction\",\"target\":{\"@type\":\"EntryPoint\",\"urlTemplate\":\"https:\/\/nouvousaidons.online\/nl\/?s={search_term_string}\"},\"query-input\":\"required name=search_term_string\"}],\"inLanguage\":\"nl-NL\"}]}<\/script>\n<!-- \/ Yoast SEO Premium plugin. -->","yoast_head_json":{"title":"Service Client - Nouvousaidons.online","robots":{"index":"index","follow":"follow","max-snippet":"max-snippet:-1","max-image-preview":"max-image-preview:large","max-video-preview":"max-video-preview:-1"},"canonical":"https:\/\/nouvousaidons.online\/nl\/home-5\/services\/service-client\/","og_locale":"nl_NL","og_type":"article","og_title":"Service Client","og_description":"Service ClientD\u00e9couvrez la puissance d&rsquo;un service client exceptionnel sans la charge suppl\u00e9mentaire de la gestion du personnel. Notre service vous offre la possibilit\u00e9 unique d&rsquo;engager un collaborateur d\u00e9vou\u00e9 et impliqu\u00e9 qui fournira un service client\u00e8le de premier niveau au nom de votre entreprise. Ce collaborateur se pr\u00e9sentera comme s&rsquo;il \u00e9tait directement employ\u00e9 par vous, offrant [&hellip;]","og_url":"https:\/\/nouvousaidons.online\/nl\/home-5\/services\/service-client\/","og_site_name":"Nouvousaidons.online","article_modified_time":"2024-07-25T18:15:32+00:00","twitter_card":"summary_large_image","twitter_misc":{"Geschatte leestijd":"3 minuten"},"schema":{"@context":"https:\/\/schema.org","@graph":[{"@type":"WebPage","@id":"https:\/\/nouvousaidons.online\/nl\/home-5\/services\/service-client\/","url":"https:\/\/nouvousaidons.online\/nl\/home-5\/services\/service-client\/","name":"Service Client - Nouvousaidons.online","isPartOf":{"@id":"https:\/\/nouvousaidons.online\/nl\/#website"},"datePublished":"2024-07-25T14:19:06+00:00","dateModified":"2024-07-25T18:15:32+00:00","breadcrumb":{"@id":"https:\/\/nouvousaidons.online\/nl\/home-5\/services\/service-client\/#breadcrumb"},"inLanguage":"nl-NL","potentialAction":[{"@type":"ReadAction","target":["https:\/\/nouvousaidons.online\/nl\/home-5\/services\/service-client\/"]}]},{"@type":"BreadcrumbList","@id":"https:\/\/nouvousaidons.online\/nl\/home-5\/services\/service-client\/#breadcrumb","itemListElement":[{"@type":"ListItem","position":1,"name":"Home","item":"https:\/\/nouvousaidons.online\/nl\/"},{"@type":"ListItem","position":2,"name":"Home","item":"https:\/\/nouvousaidons.online\/nl\/"},{"@type":"ListItem","position":3,"name":"Services","item":"https:\/\/nouvousaidons.online\/nl\/home-5\/services\/"},{"@type":"ListItem","position":4,"name":"Service Client"}]},{"@type":"WebSite","@id":"https:\/\/nouvousaidons.online\/nl\/#website","url":"https:\/\/nouvousaidons.online\/nl\/","name":"Nouvousaidons.online","description":"Basis voor nieuwe site","potentialAction":[{"@type":"SearchAction","target":{"@type":"EntryPoint","urlTemplate":"https:\/\/nouvousaidons.online\/nl\/?s={search_term_string}"},"query-input":"required name=search_term_string"}],"inLanguage":"nl-NL"}]}},"_links":{"self":[{"href":"https:\/\/nouvousaidons.online\/nl\/wp-json\/wp\/v2\/pages\/865","targetHints":{"allow":["GET"]}}],"collection":[{"href":"https:\/\/nouvousaidons.online\/nl\/wp-json\/wp\/v2\/pages"}],"about":[{"href":"https:\/\/nouvousaidons.online\/nl\/wp-json\/wp\/v2\/types\/page"}],"author":[{"embeddable":true,"href":"https:\/\/nouvousaidons.online\/nl\/wp-json\/wp\/v2\/users\/1"}],"replies":[{"embeddable":true,"href":"https:\/\/nouvousaidons.online\/nl\/wp-json\/wp\/v2\/comments?post=865"}],"version-history":[{"count":10,"href":"https:\/\/nouvousaidons.online\/nl\/wp-json\/wp\/v2\/pages\/865\/revisions"}],"predecessor-version":[{"id":879,"href":"https:\/\/nouvousaidons.online\/nl\/wp-json\/wp\/v2\/pages\/865\/revisions\/879"}],"up":[{"embeddable":true,"href":"https:\/\/nouvousaidons.online\/nl\/wp-json\/wp\/v2\/pages\/899"}],"wp:attachment":[{"href":"https:\/\/nouvousaidons.online\/nl\/wp-json\/wp\/v2\/media?parent=865"}],"curies":[{"name":"wp","href":"https:\/\/api.w.org\/{rel}","templated":true}]}}