{"id":880,"date":"2024-07-25T15:36:30","date_gmt":"2024-07-25T14:36:30","guid":{"rendered":"http:\/\/nouvousaidons.online\/?page_id=880"},"modified":"2024-07-25T19:15:42","modified_gmt":"2024-07-25T18:15:42","slug":"developpement-web","status":"publish","type":"page","link":"https:\/\/nouvousaidons.online\/nl\/home-5\/services\/developpement-web\/","title":{"rendered":"Webdevelopment"},"content":{"rendered":"<div data-elementor-type=\"wp-page\" data-elementor-id=\"880\" class=\"elementor elementor-880\" data-elementor-post-type=\"page\">\n\t\t\t\t\t\t<section class=\"elementor-section elementor-top-section elementor-element elementor-element-17e04ef elementor-section-height-full elementor-section-boxed elementor-section-height-default elementor-section-items-middle\" data-id=\"17e04ef\" data-element_type=\"section\">\n\t\t\t\t\t\t<div class=\"elementor-container elementor-column-gap-default\">\n\t\t\t\t\t<div class=\"elementor-column elementor-col-50 elementor-top-column elementor-element elementor-element-c0861a6\" data-id=\"c0861a6\" data-element_type=\"column\">\n\t\t\t<div class=\"elementor-widget-wrap elementor-element-populated\">\n\t\t\t\t\t\t<div class=\"elementor-element elementor-element-2a5b99a elementor-widget elementor-widget-text-editor\" data-id=\"2a5b99a\" data-element_type=\"widget\" data-widget_type=\"text-editor.default\">\n\t\t\t\t<div class=\"elementor-widget-container\">\n\t\t\t<style>\/*! elementor - v3.21.0 - 30-04-2024 *\/\n.elementor-widget-text-editor.elementor-drop-cap-view-stacked .elementor-drop-cap{background-color:#69727d;color:#fff}.elementor-widget-text-editor.elementor-drop-cap-view-framed .elementor-drop-cap{color:#69727d;border:3px solid;background-color:transparent}.elementor-widget-text-editor:not(.elementor-drop-cap-view-default) .elementor-drop-cap{margin-top:8px}.elementor-widget-text-editor:not(.elementor-drop-cap-view-default) .elementor-drop-cap-letter{width:1em;height:1em}.elementor-widget-text-editor .elementor-drop-cap{float:left;text-align:center;line-height:1;font-size:50px}.elementor-widget-text-editor .elementor-drop-cap-letter{display:inline-block}<\/style>\t\t\t\t<h2>Webdevelopment<\/h2>\t\t\t\t\t\t<\/div>\n\t\t\t\t<\/div>\n\t\t\t\t\t<\/div>\n\t\t<\/div>\n\t\t\t\t<div class=\"elementor-column elementor-col-50 elementor-top-column elementor-element elementor-element-a187607\" data-id=\"a187607\" data-element_type=\"column\">\n\t\t\t<div class=\"elementor-widget-wrap elementor-element-populated\">\n\t\t\t\t\t\t<div class=\"elementor-element elementor-element-65819f0 elementor-widget elementor-widget-text-editor\" data-id=\"65819f0\" data-element_type=\"widget\" data-widget_type=\"text-editor.default\">\n\t\t\t\t<div class=\"elementor-widget-container\">\n\t\t\t\t\t\t\t<p>Bij NouvousAidons.online begrijpen we dat een website meer is dan alleen code en design; het is het hart van uw digitale identiteit. Daarom bieden wij een complete service voor het maken van websites, die zowel technische expertise als creatieve perspectieven integreert om uw visie te realiseren.<\/p>\t\t\t\t\t\t<\/div>\n\t\t\t\t<\/div>\n\t\t\t\t\t<\/div>\n\t\t<\/div>\n\t\t\t\t\t<\/div>\n\t\t<\/section>\n\t\t\t\t<section class=\"elementor-section elementor-top-section elementor-element elementor-element-3724c48 elementor-section-boxed elementor-section-height-default elementor-section-height-default\" data-id=\"3724c48\" data-element_type=\"section\">\n\t\t\t\t\t\t<div class=\"elementor-container elementor-column-gap-default\">\n\t\t\t\t\t<div class=\"elementor-column elementor-col-100 elementor-top-column elementor-element elementor-element-36e1d7e\" data-id=\"36e1d7e\" data-element_type=\"column\">\n\t\t\t<div class=\"elementor-widget-wrap elementor-element-populated\">\n\t\t\t\t\t\t<div class=\"elementor-element elementor-element-45de152 elementor-widget elementor-widget-text-editor\" data-id=\"45de152\" data-element_type=\"widget\" data-widget_type=\"text-editor.default\">\n\t\t\t\t<div class=\"elementor-widget-container\">\n\t\t\t\t\t\t\t<h2>Volledige website creatie<\/h2><p>Onze experts zorgen voor de bouw van een complete, functionele en visueel aantrekkelijke website. Dit omvat tekstuele inhoud en grafische elementen, met de optie om gepersonaliseerde foto's te leveren die perfect aansluiten bij de identiteit van uw merk. Of u nu een informatieve site of een dynamische multimediawebsite wilt, wij leveren een maatwerkoplossing die aan uw specifieke behoeften voldoet.<\/p><h2>Ontwerp van Webwinkels<\/h2><p>E-commerce is tegenwoordig onmisbaar. Ons team is gespecialiseerd in het ontwerpen van webwinkels die niet alleen gebruiksvriendelijk zijn, maar ook geoptimaliseerd om uw verkoop te maximaliseren. Van productweergave tot het betalingsproces, elk aspect van uw webwinkel is zorgvuldig ontworpen om de gebruikerservaring te verbeteren en conversieratio's te verhogen.<\/p><h2>Onderhoud en Ondersteuning<\/h2><p>Het onderhouden van een website kan tijdrovend zijn, maar het is essentieel voor de veiligheid en functionaliteit. Ons onderhoudsteam staat klaar om uw site up-to-date en operationeel te houden. We bieden regelmatige updates, veiligheidscontroles en technische ondersteuning om ervoor te zorgen dat uw website blijft functioneren als een geoliede machine.<\/p><h2>Waarom Kiezen voor NouvousAidons.online?<\/h2><p><strong>Expertise<\/strong> : Onze professionals hebben diepgaande ervaring in alle aspecten van webontwikkeling, van de initi\u00eble opzet tot geavanceerde functionaliteiten.<\/p><p><strong>Gepersonaliseerde Aanpak<\/strong> : Elk project is uniek. We luisteren naar uw wensen en passen onze diensten daarop aan.<\/p><p><strong>Geavanceerde Technologie\u00ebn<\/strong> : We gebruiken de nieuwste technologie\u00ebn en trends om ervoor te zorgen dat uw website klaar is voor de toekomst.<\/p><p><strong>Betaalbare oplossingen<\/strong> : We bieden concurrerende prijzen zonder in te boeten aan kwaliteit of functionaliteit.<\/p><p>Laat ons de technische aspecten verzorgen terwijl u zich richt op wat u het beste doet - uw bedrijf leiden. Met NouvousAidons.online aan uw zijde, heeft u meer tijd en energie om te investeren in de groei van uw bedrijf, in de wetenschap dat uw online aanwezigheid in deskundige handen is.<\/p>\t\t\t\t\t\t<\/div>\n\t\t\t\t<\/div>\n\t\t\t\t\t<\/div>\n\t\t<\/div>\n\t\t\t\t\t<\/div>\n\t\t<\/section>\n\t\t\t\t<section class=\"elementor-section elementor-top-section elementor-element elementor-element-749b6d6 elementor-section-boxed elementor-section-height-default elementor-section-height-default\" data-id=\"749b6d6\" data-element_type=\"section\">\n\t\t\t\t\t\t<div class=\"elementor-container elementor-column-gap-default\">\n\t\t\t\t\t<div class=\"elementor-column elementor-col-100 elementor-top-column elementor-element elementor-element-a67e687\" data-id=\"a67e687\" data-element_type=\"column\">\n\t\t\t<div class=\"elementor-widget-wrap elementor-element-populated\">\n\t\t\t\t\t\t<div class=\"elementor-element elementor-element-9f548ed elementor-widget elementor-widget-spacer\" data-id=\"9f548ed\" data-element_type=\"widget\" data-widget_type=\"spacer.default\">\n\t\t\t\t<div class=\"elementor-widget-container\">\n\t\t\t<style>\/*! elementor - v3.21.0 - 30-04-2024 *\/\n.elementor-column .elementor-spacer-inner{height:var(--spacer-size)}.e-con{--container-widget-width:100%}.e-con-inner>.elementor-widget-spacer,.e-con>.elementor-widget-spacer{width:var(--container-widget-width,var(--spacer-size));--align-self:var(--container-widget-align-self,initial);--flex-shrink:0}.e-con-inner>.elementor-widget-spacer>.elementor-widget-container,.e-con>.elementor-widget-spacer>.elementor-widget-container{height:100%;width:100%}.e-con-inner>.elementor-widget-spacer>.elementor-widget-container>.elementor-spacer,.e-con>.elementor-widget-spacer>.elementor-widget-container>.elementor-spacer{height:100%}.e-con-inner>.elementor-widget-spacer>.elementor-widget-container>.elementor-spacer>.elementor-spacer-inner,.e-con>.elementor-widget-spacer>.elementor-widget-container>.elementor-spacer>.elementor-spacer-inner{height:var(--container-widget-height,var(--spacer-size))}.e-con-inner>.elementor-widget-spacer.elementor-widget-empty,.e-con>.elementor-widget-spacer.elementor-widget-empty{position:relative;min-height:22px;min-width:22px}.e-con-inner>.elementor-widget-spacer.elementor-widget-empty .elementor-widget-empty-icon,.e-con>.elementor-widget-spacer.elementor-widget-empty .elementor-widget-empty-icon{position:absolute;top:0;bottom:0;left:0;right:0;margin:auto;padding:0;width:22px;height:22px}<\/style>\t\t<div class=\"elementor-spacer\">\n\t\t\t<div class=\"elementor-spacer-inner\"><\/div>\n\t\t<\/div>\n\t\t\t\t<\/div>\n\t\t\t\t<\/div>\n\t\t\t\t\t<\/div>\n\t\t<\/div>\n\t\t\t\t\t<\/div>\n\t\t<\/section>\n\t\t\t\t<\/div>","protected":false},"excerpt":{"rendered":"<p>D\u00e9veloppement WebChez NouvousAidons.online, nous comprenons qu&rsquo;un site web est bien plus que du code et du design ; il est le c\u0153ur de votre identit\u00e9 num\u00e9rique. C&rsquo;est pourquoi nous offrons un service complet de cr\u00e9ation de sites web qui int\u00e8gre \u00e0 la fois l&rsquo;expertise technique et des perspectives cr\u00e9atives pour concr\u00e9tiser votre vision.Cr\u00e9ation Compl\u00e8te de [&hellip;]<\/p>","protected":false},"author":1,"featured_media":0,"parent":899,"menu_order":1,"comment_status":"closed","ping_status":"closed","template":"elementor_header_footer","meta":{"footnotes":""},"class_list":["post-880","page","type-page","status-publish","hentry"],"yoast_head":"<!-- This site is optimized with the Yoast SEO Premium plugin v22.6 (Yoast SEO v22.6) - https:\/\/yoast.com\/wordpress\/plugins\/seo\/ -->\n<title>D\u00e9veloppement Web - Nouvousaidons.online<\/title>\n<meta name=\"robots\" content=\"index, follow, max-snippet:-1, max-image-preview:large, max-video-preview:-1\" \/>\n<link rel=\"canonical\" href=\"https:\/\/nouvousaidons.online\/nl\/home-5\/services\/developpement-web\/\" \/>\n<meta property=\"og:locale\" content=\"nl_NL\" \/>\n<meta property=\"og:type\" content=\"article\" \/>\n<meta property=\"og:title\" content=\"D\u00e9veloppement Web\" \/>\n<meta property=\"og:description\" content=\"D\u00e9veloppement WebChez NouvousAidons.online, nous comprenons qu&rsquo;un site web est bien plus que du code et du design ; il est le c\u0153ur de votre identit\u00e9 num\u00e9rique. C&rsquo;est pourquoi nous offrons un service complet de cr\u00e9ation de sites web qui int\u00e8gre \u00e0 la fois l&rsquo;expertise technique et des perspectives cr\u00e9atives pour concr\u00e9tiser votre vision.Cr\u00e9ation Compl\u00e8te de [&hellip;]\" \/>\n<meta property=\"og:url\" content=\"https:\/\/nouvousaidons.online\/nl\/home-5\/services\/developpement-web\/\" \/>\n<meta property=\"og:site_name\" content=\"Nouvousaidons.online\" \/>\n<meta property=\"article:modified_time\" content=\"2024-07-25T18:15:42+00:00\" \/>\n<meta name=\"twitter:card\" content=\"summary_large_image\" \/>\n<meta name=\"twitter:label1\" content=\"Geschatte leestijd\" \/>\n\t<meta name=\"twitter:data1\" content=\"2 minuten\" \/>\n<script type=\"application\/ld+json\" class=\"yoast-schema-graph\">{\"@context\":\"https:\/\/schema.org\",\"@graph\":[{\"@type\":\"WebPage\",\"@id\":\"https:\/\/nouvousaidons.online\/nl\/home-5\/services\/developpement-web\/\",\"url\":\"https:\/\/nouvousaidons.online\/nl\/home-5\/services\/developpement-web\/\",\"name\":\"D\u00e9veloppement Web - Nouvousaidons.online\",\"isPartOf\":{\"@id\":\"https:\/\/nouvousaidons.online\/nl\/#website\"},\"datePublished\":\"2024-07-25T14:36:30+00:00\",\"dateModified\":\"2024-07-25T18:15:42+00:00\",\"breadcrumb\":{\"@id\":\"https:\/\/nouvousaidons.online\/nl\/home-5\/services\/developpement-web\/#breadcrumb\"},\"inLanguage\":\"nl-NL\",\"potentialAction\":[{\"@type\":\"ReadAction\",\"target\":[\"https:\/\/nouvousaidons.online\/nl\/home-5\/services\/developpement-web\/\"]}]},{\"@type\":\"BreadcrumbList\",\"@id\":\"https:\/\/nouvousaidons.online\/nl\/home-5\/services\/developpement-web\/#breadcrumb\",\"itemListElement\":[{\"@type\":\"ListItem\",\"position\":1,\"name\":\"Home\",\"item\":\"https:\/\/nouvousaidons.online\/nl\/\"},{\"@type\":\"ListItem\",\"position\":2,\"name\":\"Home\",\"item\":\"https:\/\/nouvousaidons.online\/nl\/\"},{\"@type\":\"ListItem\",\"position\":3,\"name\":\"Services\",\"item\":\"https:\/\/nouvousaidons.online\/nl\/home-5\/services\/\"},{\"@type\":\"ListItem\",\"position\":4,\"name\":\"D\u00e9veloppement Web\"}]},{\"@type\":\"WebSite\",\"@id\":\"https:\/\/nouvousaidons.online\/nl\/#website\",\"url\":\"https:\/\/nouvousaidons.online\/nl\/\",\"name\":\"Nouvousaidons.online\",\"description\":\"Basis voor nieuwe site\",\"potentialAction\":[{\"@type\":\"SearchAction\",\"target\":{\"@type\":\"EntryPoint\",\"urlTemplate\":\"https:\/\/nouvousaidons.online\/nl\/?s={search_term_string}\"},\"query-input\":\"required name=search_term_string\"}],\"inLanguage\":\"nl-NL\"}]}<\/script>\n<!-- \/ Yoast SEO Premium plugin. -->","yoast_head_json":{"title":"D\u00e9veloppement Web - Nouvousaidons.online","robots":{"index":"index","follow":"follow","max-snippet":"max-snippet:-1","max-image-preview":"max-image-preview:large","max-video-preview":"max-video-preview:-1"},"canonical":"https:\/\/nouvousaidons.online\/nl\/home-5\/services\/developpement-web\/","og_locale":"nl_NL","og_type":"article","og_title":"D\u00e9veloppement Web","og_description":"D\u00e9veloppement WebChez NouvousAidons.online, nous comprenons qu&rsquo;un site web est bien plus que du code et du design ; il est le c\u0153ur de votre identit\u00e9 num\u00e9rique. C&rsquo;est pourquoi nous offrons un service complet de cr\u00e9ation de sites web qui int\u00e8gre \u00e0 la fois l&rsquo;expertise technique et des perspectives cr\u00e9atives pour concr\u00e9tiser votre vision.Cr\u00e9ation Compl\u00e8te de [&hellip;]","og_url":"https:\/\/nouvousaidons.online\/nl\/home-5\/services\/developpement-web\/","og_site_name":"Nouvousaidons.online","article_modified_time":"2024-07-25T18:15:42+00:00","twitter_card":"summary_large_image","twitter_misc":{"Geschatte leestijd":"2 minuten"},"schema":{"@context":"https:\/\/schema.org","@graph":[{"@type":"WebPage","@id":"https:\/\/nouvousaidons.online\/nl\/home-5\/services\/developpement-web\/","url":"https:\/\/nouvousaidons.online\/nl\/home-5\/services\/developpement-web\/","name":"D\u00e9veloppement Web - Nouvousaidons.online","isPartOf":{"@id":"https:\/\/nouvousaidons.online\/nl\/#website"},"datePublished":"2024-07-25T14:36:30+00:00","dateModified":"2024-07-25T18:15:42+00:00","breadcrumb":{"@id":"https:\/\/nouvousaidons.online\/nl\/home-5\/services\/developpement-web\/#breadcrumb"},"inLanguage":"nl-NL","potentialAction":[{"@type":"ReadAction","target":["https:\/\/nouvousaidons.online\/nl\/home-5\/services\/developpement-web\/"]}]},{"@type":"BreadcrumbList","@id":"https:\/\/nouvousaidons.online\/nl\/home-5\/services\/developpement-web\/#breadcrumb","itemListElement":[{"@type":"ListItem","position":1,"name":"Home","item":"https:\/\/nouvousaidons.online\/nl\/"},{"@type":"ListItem","position":2,"name":"Home","item":"https:\/\/nouvousaidons.online\/nl\/"},{"@type":"ListItem","position":3,"name":"Services","item":"https:\/\/nouvousaidons.online\/nl\/home-5\/services\/"},{"@type":"ListItem","position":4,"name":"D\u00e9veloppement Web"}]},{"@type":"WebSite","@id":"https:\/\/nouvousaidons.online\/nl\/#website","url":"https:\/\/nouvousaidons.online\/nl\/","name":"Nouvousaidons.online","description":"Basis voor nieuwe site","potentialAction":[{"@type":"SearchAction","target":{"@type":"EntryPoint","urlTemplate":"https:\/\/nouvousaidons.online\/nl\/?s={search_term_string}"},"query-input":"required name=search_term_string"}],"inLanguage":"nl-NL"}]}},"_links":{"self":[{"href":"https:\/\/nouvousaidons.online\/nl\/wp-json\/wp\/v2\/pages\/880","targetHints":{"allow":["GET"]}}],"collection":[{"href":"https:\/\/nouvousaidons.online\/nl\/wp-json\/wp\/v2\/pages"}],"about":[{"href":"https:\/\/nouvousaidons.online\/nl\/wp-json\/wp\/v2\/types\/page"}],"author":[{"embeddable":true,"href":"https:\/\/nouvousaidons.online\/nl\/wp-json\/wp\/v2\/users\/1"}],"replies":[{"embeddable":true,"href":"https:\/\/nouvousaidons.online\/nl\/wp-json\/wp\/v2\/comments?post=880"}],"version-history":[{"count":7,"href":"https:\/\/nouvousaidons.online\/nl\/wp-json\/wp\/v2\/pages\/880\/revisions"}],"predecessor-version":[{"id":890,"href":"https:\/\/nouvousaidons.online\/nl\/wp-json\/wp\/v2\/pages\/880\/revisions\/890"}],"up":[{"embeddable":true,"href":"https:\/\/nouvousaidons.online\/nl\/wp-json\/wp\/v2\/pages\/899"}],"wp:attachment":[{"href":"https:\/\/nouvousaidons.online\/nl\/wp-json\/wp\/v2\/media?parent=880"}],"curies":[{"name":"wp","href":"https:\/\/api.w.org\/{rel}","templated":true}]}}